{"id":844,"date":"2015-03-03T01:13:07","date_gmt":"2015-03-03T01:13:07","guid":{"rendered":"http:\/\/www.fintech.pl\/?page_id=844"},"modified":"2026-02-02T13:59:57","modified_gmt":"2026-02-02T13:59:57","slug":"fintech-finance","status":"publish","type":"page","link":"https:\/\/www.fintech.pl\/?page_id=844","title":{"rendered":"Fintech Finance"},"content":{"rendered":"<p><img loading=\"lazy\" decoding=\"async\" class=\"aligncenter wp-image-931\" src=\"https:\/\/fintech.pl\/wp-content\/uploads\/2015\/03\/finance_logo-150x150.png\" alt=\"finance_logo\" width=\"190\" height=\"190\" srcset=\"https:\/\/fintech.pl\/wp-content\/uploads\/2015\/03\/finance_logo-150x150.png 150w, https:\/\/fintech.pl\/wp-content\/uploads\/2015\/03\/finance_logo.png 250w\" sizes=\"auto, (max-width: 190px) 100vw, 190px\" \/><\/p>\n<blockquote><p>Fintech Finance jest pionem Fintech Sp. z o.o. odpowiedzialnym za globalne rozwi\u0105zania finansowe.<\/p>\n<p>Nasze us\u0142ugi adresujemy zar\u00f3wno do potencjalnych inwestor\u00f3w, jak i podmiot\u00f3w poszukuj\u0105cych finansowania.<\/p>\n<p>\u015awiadczymy kompleksowe us\u0142ugi w obszarach:<\/p>\n<p style=\"text-align: left;\"><a style=\"color: #289b8b;\" href=\" https:\/\/www.fintech.pl\/?page_id=844\/#Analiza\">analizy i oceny szans rynkowych<\/a>,<\/p>\n<p style=\"text-align: left;\"><a style=\"color: #2405a4;\" href=\" https:\/\/www.fintech.pl\/?page_id=844\/#Struktury\">konstruowania struktur finansowania<\/a><\/p>\n<p style=\"text-align: left;\"><a style=\"color: #f78c40;\" href=\" https:\/\/www.fintech.pl\/?page_id=844\/#Negocjacje\">negocjacji warunk\u00f3w finansowania<\/a><\/p>\n<\/blockquote>\n<p>&nbsp;<\/p>\n<hr \/>\n<p>&nbsp;<\/p>\n<p><a title=\"Analiza\" name=\"Analiza\"><\/a><\/p>\n<p><img loading=\"lazy\" decoding=\"async\" class=\"alignright wp-image-926\" src=\"https:\/\/fintech.pl\/wp-content\/uploads\/2015\/03\/analysis_03.jpg\" alt=\"analysis_03\" width=\"425\" height=\"425\" srcset=\"https:\/\/fintech.pl\/wp-content\/uploads\/2015\/03\/analysis_03.jpg 686w, https:\/\/fintech.pl\/wp-content\/uploads\/2015\/03\/analysis_03-150x150.jpg 150w, https:\/\/fintech.pl\/wp-content\/uploads\/2015\/03\/analysis_03-300x300.jpg 300w\" sizes=\"auto, (max-width: 425px) 100vw, 425px\" \/><\/p>\n<h2 style=\"color: #289b8b;\">Analiza i ocena szans rynkowych<\/h2>\n<h4 style=\"color: #289b8b;\">Dla inwestora<\/h4>\n<p><strong>Zbadamy szans\u0119 osi\u0105gni\u0119cia zak\u0142adanej stopy zwrotu z inwestycji w okre\u015blonym obszarze biznesowym na wybranym rynku.<\/strong><br \/>\nW swoich pracach b\u0119dziemy opiera\u0107 si\u0119 na istniej\u0105cych mo\u017cliwo\u015bciach inwestycyjnych. W naszej analizie uwzgl\u0119dnimy pog\u0142\u0119biony wywiad dotycz\u0105cy najbardziej atrakcyjnych przedsi\u0119wzi\u0119\u0107.<\/p>\n<h4 style=\"color: #289b8b;\">Dla poszukuj\u0105cych finansowania<\/h4>\n<p><strong>Przeanalizujemy szanse uzyskania finansowania dla konkretnego przedsi\u0119wzi\u0119cia.<\/strong> Nawi\u0105\u017cemy szereg kontakt\u00f3w z przedstawicielami firm inwestycyjnych, w celu uzyskania benchmarku rynkowego dla naszych prognoz.<br \/>\nDzi\u0119ki wieloletniemu do\u015bwiadczeniu w prowadzeniu operacji na r\u00f3\u017cnych rynkach wska\u017cemy w\u0142a\u015bciwego inwestora dla danego przedsi\u0119wzi\u0119cia, bior\u0105c pod uwag\u0119 przede wszystkim koszt pozyskania finansowania.<\/p>\n<p>&nbsp;<\/p>\n<p>&nbsp;<\/p>\n<hr \/>\n<p><img loading=\"lazy\" decoding=\"async\" class=\"alignleft wp-image-925\" src=\"https:\/\/fintech.pl\/wp-content\/uploads\/2015\/03\/construction_03.jpg\" alt=\"construction_03\" width=\"425\" height=\"425\" srcset=\"https:\/\/fintech.pl\/wp-content\/uploads\/2015\/03\/construction_03.jpg 686w, https:\/\/fintech.pl\/wp-content\/uploads\/2015\/03\/construction_03-150x150.jpg 150w, https:\/\/fintech.pl\/wp-content\/uploads\/2015\/03\/construction_03-300x300.jpg 300w\" sizes=\"auto, (max-width: 425px) 100vw, 425px\" \/><a title=\"Struktury\" name=\"Struktury\"><\/a><\/p>\n<h2 style=\"color: #2405a4;\">Konstruowanie struktur finansowania<\/h2>\n<h4 style=\"color: #2405a4;\">Dla inwestora<\/h4>\n<p><strong>Skonstrujemy struktur\u0119 umo\u017cliwiaj\u0105c\u0105 zachowanie w\u0142a\u015bciwej kontroli nad inwestycj\u0105<\/strong>, przy zachowaniu wysokiego poziomu rentowno\u015bci oraz optymalizacji koszt\u00f3w fiskalnych. Wska\u017cemy\u00a0jakimi instrumentami mo\u017cna dodatkowo zabezpieczy\u0107 inwestycj\u0119.<\/p>\n<h4 style=\"color: #2405a4;\">Dla poszukuj\u0105cych finansowania<\/h4>\n<p><strong>Doradzimy w jaki spos\u00f3b skonstruowa\u0107 w\u0142a\u015bciw\u0105 struktur\u0119 finansowania dla danej inwestycyji.<\/strong> We\u017amiemy pod uwag\u0119 relacje kapita\u0142u do d\u0142ugu, udzia\u0142y walut oraz rodzaje pieni\u0105dza jakim dane przedsi\u0119wzi\u0119cie powinno by\u0107 finansowane. W ci\u0105gu wielu lat dzia\u0142alno\u015bci byli\u015bmy autorem innowacyjnych rozwi\u0105za\u0144 w zakresie finansowania przedsi\u0119wzi\u0119\u0107 inwestycyjnych.<\/p>\n<p>&nbsp;<\/p>\n<p>&nbsp;<\/p>\n<p>&nbsp;<\/p>\n<hr \/>\n<p><a title=\"Negocjacje\" name=\"Negocjacje\"><\/a><\/p>\n<p><img loading=\"lazy\" decoding=\"async\" class=\"alignright wp-image-928\" src=\"https:\/\/fintech.pl\/wp-content\/uploads\/2015\/03\/negotiation_03.jpg\" alt=\"negotiation_03\" width=\"425\" height=\"425\" srcset=\"https:\/\/fintech.pl\/wp-content\/uploads\/2015\/03\/negotiation_03.jpg 686w, https:\/\/fintech.pl\/wp-content\/uploads\/2015\/03\/negotiation_03-150x150.jpg 150w, https:\/\/fintech.pl\/wp-content\/uploads\/2015\/03\/negotiation_03-300x300.jpg 300w\" sizes=\"auto, (max-width: 425px) 100vw, 425px\" \/><\/p>\n<h2 style=\"color: #f78c40;\">Negocjacje warunk\u00f3w finansowania przedsi\u0119wzi\u0119cia<\/h2>\n<h4 style=\"color: #f78c40;\">Dla inwestora<\/h4>\n<p>Posiadamy wieloletnie do\u015bwiadczenie w prowadzeniu negocjacji cenowych z r\u00f3\u017cnymi podmiotami operuj\u0105cymi na ca\u0142ym \u015bwiecie. <strong>Wesprzemy naszych Klient\u00f3w w prowadzeniu negocjacji warunk\u00f3w inwestycji z finansowanymi podmiotami.<\/strong><\/p>\n<h4 style=\"color: #f78c40;\">Dla poszukuj\u0105cych finansowania<\/h4>\n<p>Nasze rozleg\u0142e kontakty z wieloma bankami i funduszami inwestycyjnymi oraz inwestorami prywatnymi operuj\u0105cymi globalnie pozwalaj\u0105 nam znale\u017a\u0107 potencjalnych inwestor\u00f3w i zainicjowa\u0107 negocjacje warunk\u00f3w finansowania. Naszym profesjonalizmem i rzetelno\u015bci\u0105 zdobyli\u015bmy zaufanie wielu instytucji finansowych. <strong>Umo\u017climy naw\u0105zanie kontaktu z potencjalnym inwestorem i doradzimy w negocjacjach canowych.<\/strong><\/p>\n<p>&nbsp;<\/p>\n<p>&nbsp;<\/p>\n<hr \/>\n<p style=\"font-size: 8px; text-align: left;\">Photo Credit: <a href=\"https:\/\/www.flickr.com\/photos\/127387888@N08\">Phenom Apps images<\/a> via <a href=\"http:\/\/compfight.com\">Compfight<\/a> <a href=\"https:\/\/www.flickr.com\/help\/general\/#147\">cc<\/a><\/p>\n","protected":false},"excerpt":{"rendered":"<p>Fintech Finance jest pionem Fintech Sp. z o.o. odpowiedzialnym za globalne rozwi\u0105zania finansowe. Nasze us\u0142ugi adresujemy zar\u00f3wno do potencjalnych inwestor\u00f3w, jak i podmiot\u00f3w poszukuj\u0105cych finansowania. \u015awiadczymy kompleksowe us\u0142ugi w obszarach: analizy i oceny szans rynkowych, konstruowania struktur finansowania negocjacji warunk\u00f3w finansowania &nbsp; &nbsp; Analiza i ocena szans rynkowych Dla inwestora Zbadamy szans\u0119 osi\u0105gni\u0119cia zak\u0142adanej stopy [&hellip;]<\/p>\n","protected":false},"author":1,"featured_media":931,"parent":0,"menu_order":0,"comment_status":"closed","ping_status":"closed","template":"","meta":{"footnotes":""},"class_list":["post-844","page","type-page","status-publish","has-post-thumbnail","czr-hentry"],"_links":{"self":[{"href":"https:\/\/www.fintech.pl\/index.php?rest_route=\/wp\/v2\/pages\/844","targetHints":{"allow":["GET"]}}],"collection":[{"href":"https:\/\/www.fintech.pl\/index.php?rest_route=\/wp\/v2\/pages"}],"about":[{"href":"https:\/\/www.fintech.pl\/index.php?rest_route=\/wp\/v2\/types\/page"}],"author":[{"embeddable":true,"href":"https:\/\/www.fintech.pl\/index.php?rest_route=\/wp\/v2\/users\/1"}],"replies":[{"embeddable":true,"href":"https:\/\/www.fintech.pl\/index.php?rest_route=%2Fwp%2Fv2%2Fcomments&post=844"}],"version-history":[{"count":56,"href":"https:\/\/www.fintech.pl\/index.php?rest_route=\/wp\/v2\/pages\/844\/revisions"}],"predecessor-version":[{"id":1513,"href":"https:\/\/www.fintech.pl\/index.php?rest_route=\/wp\/v2\/pages\/844\/revisions\/1513"}],"wp:featuredmedia":[{"embeddable":true,"href":"https:\/\/www.fintech.pl\/index.php?rest_route=\/wp\/v2\/media\/931"}],"wp:attachment":[{"href":"https:\/\/www.fintech.pl\/index.php?rest_route=%2Fwp%2Fv2%2Fmedia&parent=844"}],"curies":[{"name":"wp","href":"https:\/\/api.w.org\/{rel}","templated":true}]}}