{"id":1360,"date":"2018-06-25T19:34:48","date_gmt":"2018-06-25T19:34:48","guid":{"rendered":"http:\/\/www.fintech.pl\/?page_id=1360"},"modified":"2026-02-02T14:09:54","modified_gmt":"2026-02-02T14:09:54","slug":"informacja-o-przetwarzaniu-danych-osobowych","status":"publish","type":"page","link":"https:\/\/www.fintech.pl\/?page_id=1360","title":{"rendered":"Informacja o przetwarzaniu danych osobowych"},"content":{"rendered":"<p>W zwi\u0105zku z Rozporz\u0105dzeniem Parlamentu Europejskiego i Rady UE 2016\/679 z 27 kwietnia 2016 roku w sprawie ochrony os\u00f3b fizycznych, w zwi\u0105zku z przetwarzaniem danych osobowych oraz w sprawie swobodnego przep\u0142ywu danych &#8211; tzw. RODO &#8211; przekazujemy podstawowe informacje o przetwarzaniu danych.<\/p>\n<h4>Administrator danych oraz informacje kontaktowe<\/h4>\n<h3 class=\"widget-title\">Fintech Sp. z o.o.<\/h3>\n<p style=\"text-align: left;\">Nowogrodzka 50 lok. 510<br \/>\n00-695 Warszawa<\/p>\n<p><strong><a href=\"mailto:fintech@fintech.pl\">fintech@fintech.pl<\/a><\/strong><br \/>\n<strong>+ 48 661 600 115<\/strong><\/p>\n<h4><span style=\"color: #ff6600;\">Cele przetwarzania danych oraz podstawa prawna<\/span><\/h4>\n<p style=\"text-align: justify;\">Dane osobowe b\u0119d\u0105 przetwarzane zgodnie z art. 6 ust.1 pkt. a) i pkt. f) RODO. Podstaw\u0105 przetwarzania danych jest prowadzenie proces\u00f3w rekrutacyjnych lub prawnie uzasadniony<br \/>\ninteres realizowany przez Administratora.<\/p>\n<hr \/>\n<h4><span style=\"color: #ff6600;\">Kategorie danych osobowych<\/span><\/h4>\n<p style=\"text-align: justify;\">Fintech sp. z o.o. przetwarza dane osobowe zwi\u0105zane z dzia\u0142alno\u015bci\u0105 zawodow\u0105:<\/p>\n<ul>\n<li style=\"text-align: justify;\">dane osobowe ( imi\u0119 i nazwisko)<\/li>\n<li style=\"text-align: justify;\">dane kontaktowe (nr telefonu, adres e-mail, adres korespondencyjny)<\/li>\n<li style=\"text-align: justify;\">dane o wykszta\u0142ceniu ( np., nazwa uczelni, tytu\u0142 naukowy, szkolenia, kursy, znajomo\u015b\u0107 j. obcych)<\/li>\n<li style=\"text-align: justify;\">informacje o przebiegu zatrudnienia (nazwy zak\u0142ad\u00f3w pracy, stanowiska ,zakres obowi\u0105zk\u00f3w)<\/li>\n<li style=\"text-align: justify;\">inne dane wynikaj\u0105ce z realizacji zlece\u0144 , w ramach kt\u00f3rych dane zosta\u0142y udost\u0119pnione<br \/>\n( np. zainteresowania, hobby)<\/li>\n<\/ul>\n<h4>\u0179r\u00f3d\u0142o pochodzenia danych<\/h4>\n<div>\n<p style=\"text-align: justify;\">Fintech sp. z o.o. przetwarza dane pozyskane bezpo\u015brednio od osoby, kt\u00f3rej te dane dotycz\u0105 np. poprzez aplikacj\u0119 na stronie fintech.pl, korespondencj\u0119 bezpo\u015bredni\u0105, og\u00f3lnodost\u0119pne portaleog\u0142oszeniowe i serwisy internetowe, podczas indywidualnych spotka\u0144 (np. wizyt\u00f3wki).<\/p>\n<\/div>\n<p style=\"text-align: justify;\">\n<hr \/>\n<p>&nbsp;<\/p>\n<h4 class=\"widget-title\">Okres przez kt\u00f3ry dane b\u0119d\u0105 przetwarzane<\/h4>\n<p class=\"widget-title\">Dane b\u0119d\u0105 przetwarzane do czasu wype\u0142nienia prawnie uzasadnionych interes\u00f3w Administratora lub do czasu zg\u0142oszenia \u017c\u0105dania usuni\u0119cia danych albo sprzeciwu<\/p>\n<p>&nbsp;<\/p>\n<h4><span style=\"color: #ff6600;\">Prawa osoby, kt\u00f3rej dane dotycz\u0105<\/span><\/h4>\n<p style=\"text-align: justify;\">Fintech sp. z o.o. informuje osoby , kt\u00f3rych dane przetwarza, \u017ce przys\u0142uguje im prawo:<\/p>\n<ul>\n<li style=\"text-align: justify;\">dost\u0119pu do danych osobowych<\/li>\n<li style=\"text-align: justify;\">sprostowania danych<\/li>\n<li style=\"text-align: justify;\">usuni\u0119cia danych<\/li>\n<li style=\"text-align: justify;\">ograniczenia przetwarzania danych<\/li>\n<li style=\"text-align: justify;\">przenoszenia danych<\/li>\n<li style=\"text-align: justify;\">wniesienia sprzeciwu wobec przetwarzania danych<\/li>\n<\/ul>\n<p style=\"text-align: justify;\">Fintech sp. z o.o. informuje o prawie do wniesienia skargi do organu nadzorczego zajmuj\u0105cego si\u0119 ochron\u0105 danych osobowych.<\/p>\n","protected":false},"excerpt":{"rendered":"<p>W zwi\u0105zku z Rozporz\u0105dzeniem Parlamentu Europejskiego i Rady UE 2016\/679 z 27 kwietnia 2016 roku w sprawie ochrony os\u00f3b fizycznych, w zwi\u0105zku z przetwarzaniem danych osobowych oraz w sprawie swobodnego przep\u0142ywu danych &#8211; tzw. RODO &#8211; przekazujemy podstawowe informacje o przetwarzaniu danych. Administrator danych oraz informacje kontaktowe Fintech Sp. z o.o. Nowogrodzka 50 lok. 510 [&hellip;]<\/p>\n","protected":false},"author":1,"featured_media":0,"parent":0,"menu_order":0,"comment_status":"closed","ping_status":"closed","template":"","meta":{"footnotes":""},"class_list":["post-1360","page","type-page","status-publish","czr-hentry"],"_links":{"self":[{"href":"https:\/\/www.fintech.pl\/index.php?rest_route=\/wp\/v2\/pages\/1360","targetHints":{"allow":["GET"]}}],"collection":[{"href":"https:\/\/www.fintech.pl\/index.php?rest_route=\/wp\/v2\/pages"}],"about":[{"href":"https:\/\/www.fintech.pl\/index.php?rest_route=\/wp\/v2\/types\/page"}],"author":[{"embeddable":true,"href":"https:\/\/www.fintech.pl\/index.php?rest_route=\/wp\/v2\/users\/1"}],"replies":[{"embeddable":true,"href":"https:\/\/www.fintech.pl\/index.php?rest_route=%2Fwp%2Fv2%2Fcomments&post=1360"}],"version-history":[{"count":5,"href":"https:\/\/www.fintech.pl\/index.php?rest_route=\/wp\/v2\/pages\/1360\/revisions"}],"predecessor-version":[{"id":1516,"href":"https:\/\/www.fintech.pl\/index.php?rest_route=\/wp\/v2\/pages\/1360\/revisions\/1516"}],"wp:attachment":[{"href":"https:\/\/www.fintech.pl\/index.php?rest_route=%2Fwp%2Fv2%2Fmedia&parent=1360"}],"curies":[{"name":"wp","href":"https:\/\/api.w.org\/{rel}","templated":true}]}}